{"id":4779,"date":"2025-11-11T09:01:10","date_gmt":"2025-11-11T02:01:10","guid":{"rendered":"https:\/\/pdt.h2791.dpsmedia.vn\/?page_id=4779"},"modified":"2026-04-02T00:09:52","modified_gmt":"2026-04-01T17:09:52","slug":"pdt-curriculum","status":"publish","type":"page","link":"https:\/\/pdt.edu.vn\/en\/chuong-trinh-hoc-pdt\/","title":{"rendered":"Study Programs"},"content":{"rendered":"<div data-elementor-type=\"wp-page\" data-elementor-id=\"4779\" class=\"elementor elementor-4779\" data-elementor-post-type=\"page\">\n\t\t\t\t<div class=\"elementor-element elementor-element-ede97f9 e-flex e-con-boxed e-con e-parent\" data-id=\"ede97f9\" data-element_type=\"container\">\t\t\t<div class=\"e-con-inner\">\r\n\t\t\t\t<div class=\"elementor-element elementor-element-491beab elementor-widget elementor-widget-spacer\" data-id=\"491beab\" data-element_type=\"widget\" data-widget_type=\"spacer.default\">\n\t\t\t\t\t\t\t<div class=\"elementor-spacer\">\n\t\t\t<div class=\"elementor-spacer-inner\"><\/div>\n\t\t<\/div>\n\t\t\t\t\t\t<\/div>\n\t\t    \t\t<div class=\"elementor-element elementor-element-e2b99ca elementor-widget elementor-widget-pxl_heading\" data-id=\"e2b99ca\" data-element_type=\"widget\" data-widget_type=\"pxl_heading.default\">\n\t\t\t\t<div class=\"elementor-widget-container\">\n\t\t\t\t\t<div id=\"pxl-pxl_heading-e2b99ca-7761\" class=\"pxl-heading px-sub-title-default-style\">\n\t<div class=\"pxl-heading--inner\">\n\t\t\n\t\t\t\t\t<div class=\"pxl-item--subtitle px-sub-title-default pxl-split-text split-in-left\" data-wow-delay=\"ms\">\n\t\t\t\t<span class=\"pxl-item--subtext\">\n\t\t\t\t\t\t\t\t\t\t\t<span class=\"pxl-item--icon pxl-mr-1\">\n\t\t\t\t\t\t\t<i aria-hidden=\"true\" class=\"fas fa-paper-plane\"><\/i>\t\t\t\t\t\t<\/span>\n\t\t\t\t\t\t\t\t\t\tFeatured Services\t\t\t\t\t<span class=\"pxl-item--subdivider\"><\/span>\n\t\t\t\t<\/span>\n\t\t\t<\/div>\n\t\t\n\t\t<h2 class=\"pxl-item--title pxl-split-text split-in-left\" data-wow-delay=\"ms\">\n\t\tStudy &amp; Work Programs in the Federal Republic of Germany\t\t\n\t\t<\/h2>\n\n\t\t\n\t\t\n\t\t\t\t\t\t\t\t\n\t<\/div>\n<\/div>\n\t\t\t\t<\/div>\n\t\t\t\t<\/div>\n\t\t\t\t<div class=\"elementor-element elementor-element-cecd720 pxl-post-layout-visa-1 elementor-invisible elementor-widget elementor-widget-pxl_post_grid\" data-id=\"cecd720\" data-element_type=\"widget\" data-settings=\"{&quot;_animation&quot;:&quot;fadeInUp&quot;}\" data-widget_type=\"pxl_post_grid.default\">\n\t\t\t\t<div class=\"elementor-widget-container\">\n\t\t\t\t\t\n<div id=\"pxl_post_grid-cecd720-8615\" class=\"pxl-grid pxl-visa-grid pxl-visa-grid-layout1 pxl-visa-style1 pxl-effect--3d\" data-layout=\"masonry\" data-start-page=\"1\" data-max-pages=\"1\" data-total=\"7\" data-perpage=\"60\" data-next-link=\"\">\n    \n    <div class=\"pxl-grid-inner pxl-grid-masonry row\" data-gutter=\"15\">\n                        <div class=\"pxl-grid-item col-xl-4 col-lg-4 col-md-6 col-sm-6 col-12\">\n                    <div class=\"pxl-item--inner\" data-wow-duration=\"1.2s\">\n                        <a href=\"https:\/\/pdt.edu.vn\/en\/chuong-trinh-hoc\/du-hoc-pho-thong-tai-duc\/\" title=\"High School Abroad\"><\/a>\n                        <div class=\"pxl-item--featured\">\n                            <img fetchpriority=\"high\" decoding=\"async\" class=\"no-lazyload\" src=\"https:\/\/pdt.edu.vn\/wp-content\/uploads\/2025\/12\/trung-tam-to-chuc-thi-ecl-uy-tin_3-420x511.jpg\" width=\"420\" height=\"511\" alt=\"reputable-ecl-exam-center_3\" title=\"reputable-ecl-exam-center_3\" \/>                        <\/div>\n                        <div class=\"pxl-item--holder\">\n                                                            <i class=\"caseicon-long-arrow-right-three icon-readmore\"><\/i>\n                                                        <div class=\"pxl-item--meta\">  \n                                                               <div class=\"pxl-item--icon\">\n                                    <i class=\"flaticon flaticon-plane\"><\/i>\n                                <\/div>\n                                                                                    <div class=\"pxl-wrap-content\">\n                                <span class=\"pxl-visa-count\">\n                                    Service 1                                <\/span>\n                                <h3 class=\"pxl-item--title\">High School Abroad<\/h3>\n                            <\/div>\n                        <\/div>\n                    <\/div>\n                <\/div>\n            <\/div>\n                                <div class=\"pxl-grid-item col-xl-4 col-lg-4 col-md-6 col-sm-6 col-12\">\n                    <div class=\"pxl-item--inner\" data-wow-duration=\"1.2s\">\n                        <a href=\"https:\/\/pdt.edu.vn\/en\/chuong-trinh-hoc\/du-hoc-nghe-duc\/\" title=\"Vocational Training in Germany\"><\/a>\n                        <div class=\"pxl-item--featured\">\n                            <img decoding=\"async\" class=\"no-lazyload\" src=\"https:\/\/pdt.edu.vn\/wp-content\/uploads\/2025\/12\/1-tam-quan-trong-cua-dich-vu-tu-van-du-hoc-duc-hien-nay-1773159177849_dpsmedia-1-420x511.png\" width=\"420\" height=\"511\" alt=\"1-tam-quan-trong-cua-dich-vu-tu-van-du-hoc-duc-hien-nay-1773159177849_dpsmedia (1)\" title=\"1-tam-quan-trong-cua-dich-vu-tu-van-du-hoc-duc-hien-nay-1773159177849_dpsmedia (1)\" \/>                        <\/div>\n                        <div class=\"pxl-item--holder\">\n                                                            <i class=\"caseicon-long-arrow-right-three icon-readmore\"><\/i>\n                                                        <div class=\"pxl-item--meta\">  \n                                                               <div class=\"pxl-item--icon\">\n                                    <i class=\"flaticon flaticon-plane\"><\/i>\n                                <\/div>\n                                                                                    <div class=\"pxl-wrap-content\">\n                                <span class=\"pxl-visa-count\">\n                                    Service 2                                <\/span>\n                                <h3 class=\"pxl-item--title\">Vocational Training in Germany<\/h3>\n                            <\/div>\n                        <\/div>\n                    <\/div>\n                <\/div>\n            <\/div>\n                                <div class=\"pxl-grid-item col-xl-4 col-lg-4 col-md-6 col-sm-6 col-12\">\n                    <div class=\"pxl-item--inner\" data-wow-duration=\"1.2s\">\n                        <a href=\"https:\/\/pdt.edu.vn\/en\/chuong-trinh-hoc\/du-hoc-dai-hoc-sau-dai-hoc\/\" title=\"Undergraduate &amp; Post-Graduate Abroad\"><\/a>\n                        <div class=\"pxl-item--featured\">\n                            <img decoding=\"async\" class=\"no-lazyload\" src=\"https:\/\/pdt.edu.vn\/wp-content\/uploads\/2025\/12\/Thiet-ke-chua-co-ten-2026-01-24T125101.526-420x511.png\" width=\"420\" height=\"511\" alt=\"Thiet-ke-chua-co-ten-2026-01-24T125101.526\" title=\"Thiet-ke-chua-co-ten-2026-01-24T125101.526\" \/>                        <\/div>\n                        <div class=\"pxl-item--holder\">\n                                                            <i class=\"caseicon-long-arrow-right-three icon-readmore\"><\/i>\n                                                        <div class=\"pxl-item--meta\">  \n                                                               <div class=\"pxl-item--icon\">\n                                    <i class=\"flaticon flaticon-plane\"><\/i>\n                                <\/div>\n                                                                                    <div class=\"pxl-wrap-content\">\n                                <span class=\"pxl-visa-count\">\n                                    Service 3                                <\/span>\n                                <h3 class=\"pxl-item--title\">University &amp; Postgraduate Study Abroad<\/h3>\n                            <\/div>\n                        <\/div>\n                    <\/div>\n                <\/div>\n            <\/div>\n                                <div class=\"pxl-grid-item col-xl-4 col-lg-4 col-md-6 col-sm-6 col-12\">\n                    <div class=\"pxl-item--inner\" data-wow-duration=\"1.2s\">\n                        <a href=\"https:\/\/pdt.edu.vn\/en\/chuong-trinh-hoc\/chuyen-doi-bang-dung-nganh-tai-duc\/\" title=\"Conversion for Related Degrees\"><\/a>\n                        <div class=\"pxl-item--featured\">\n                            <img loading=\"lazy\" decoding=\"async\" class=\"no-lazyload\" src=\"https:\/\/pdt.edu.vn\/wp-content\/uploads\/2025\/12\/2026-02-02_0000100160-420x511.png\" width=\"420\" height=\"511\" alt=\"2026-02-02_0000100160\" title=\"2026-02-02_0000100160\" \/>                        <\/div>\n                        <div class=\"pxl-item--holder\">\n                                                            <i class=\"caseicon-long-arrow-right-three icon-readmore\"><\/i>\n                                                        <div class=\"pxl-item--meta\">  \n                                                                                       <div class=\"pxl-wrap-content\">\n                                <span class=\"pxl-visa-count\">\n                                    Service 4                                <\/span>\n                                <h3 class=\"pxl-item--title\">Conversion for Related Degrees<\/h3>\n                            <\/div>\n                        <\/div>\n                    <\/div>\n                <\/div>\n            <\/div>\n                                <div class=\"pxl-grid-item col-xl-4 col-lg-4 col-md-6 col-sm-6 col-12\">\n                    <div class=\"pxl-item--inner\" data-wow-duration=\"1.2s\">\n                        <a href=\"https:\/\/pdt.edu.vn\/en\/chuong-trinh-hoc\/chuyen-doi-bang-trai-nganh-tai-duc\/\" title=\"Conversion for Non-Related Degrees\"><\/a>\n                        <div class=\"pxl-item--featured\">\n                            <img loading=\"lazy\" decoding=\"async\" class=\"no-lazyload\" src=\"https:\/\/pdt.edu.vn\/wp-content\/uploads\/2025\/12\/2026-02-27_0000300168-420x511.png\" width=\"420\" height=\"511\" alt=\"2026-02-27_0000300168\" title=\"2026-02-27_0000300168\" \/>                        <\/div>\n                        <div class=\"pxl-item--holder\">\n                                                            <i class=\"caseicon-long-arrow-right-three icon-readmore\"><\/i>\n                                                        <div class=\"pxl-item--meta\">  \n                                                               <div class=\"pxl-item--icon\">\n                                    <i class=\"flaticon flaticon-plane\"><\/i>\n                                <\/div>\n                                                                                    <div class=\"pxl-wrap-content\">\n                                <span class=\"pxl-visa-count\">\n                                    Service 5                                <\/span>\n                                <h3 class=\"pxl-item--title\">Conversion for Non-Related Degrees<\/h3>\n                            <\/div>\n                        <\/div>\n                    <\/div>\n                <\/div>\n            <\/div>\n                                <div class=\"pxl-grid-item col-xl-4 col-lg-4 col-md-6 col-sm-6 col-12\">\n                    <div class=\"pxl-item--inner\" data-wow-duration=\"1.2s\">\n                        <a href=\"https:\/\/pdt.edu.vn\/en\/chuong-trinh-hoc\/lao-dong-thoi-vu-tai-duc\/\" title=\"Seasonal Labor\"><\/a>\n                        <div class=\"pxl-item--featured\">\n                            <img loading=\"lazy\" decoding=\"async\" class=\"no-lazyload\" src=\"https:\/\/pdt.edu.vn\/wp-content\/uploads\/2025\/12\/tai-sao-nen-chon-dich-vu-tu-van-du-hoc-duc-chuyen-nghiep-1773248637950_dpsmedia-420x511.png\" width=\"420\" height=\"511\" alt=\"tai-sao-nen-chon-dich-vu-tu-van-du-hoc-duc-chuyen-nghiep-1773248637950_dpsmedia\" title=\"tai-sao-nen-chon-dich-vu-tu-van-du-hoc-duc-chuyen-nghiep-1773248637950_dpsmedia\" \/>                        <\/div>\n                        <div class=\"pxl-item--holder\">\n                                                            <i class=\"caseicon-long-arrow-right-three icon-readmore\"><\/i>\n                                                        <div class=\"pxl-item--meta\">  \n                                                               <div class=\"pxl-item--icon\">\n                                    <i class=\"flaticon flaticon-plane\"><\/i>\n                                <\/div>\n                                                                                    <div class=\"pxl-wrap-content\">\n                                <span class=\"pxl-visa-count\">\n                                    Service 6                                <\/span>\n                                <h3 class=\"pxl-item--title\">Seasonal Labor<\/h3>\n                            <\/div>\n                        <\/div>\n                    <\/div>\n                <\/div>\n            <\/div>\n                                <div class=\"pxl-grid-item col-xl-4 col-lg-4 col-md-6 col-sm-6 col-12\">\n                    <div class=\"pxl-item--inner\" data-wow-duration=\"1.2s\">\n                        <a href=\"https:\/\/pdt.edu.vn\/en\/chuong-trinh-hoc\/lao-dong-lanh-nghe-tai-duc\/\" title=\"Skilled Labor\"><\/a>\n                        <div class=\"pxl-item--featured\">\n                            <img loading=\"lazy\" decoding=\"async\" class=\"no-lazyload\" src=\"https:\/\/pdt.edu.vn\/wp-content\/uploads\/2026\/03\/trung-tam-day-tieng-duc-2-420x511.jpg\" width=\"420\" height=\"511\" alt=\"trung-tam-day-tieng-duc-2\" title=\"trung-tam-day-tieng-duc-2\" \/>                        <\/div>\n                        <div class=\"pxl-item--holder\">\n                                                            <i class=\"caseicon-long-arrow-right-three icon-readmore\"><\/i>\n                                                        <div class=\"pxl-item--meta\">  \n                                                                                       <div class=\"pxl-wrap-content\">\n                                <span class=\"pxl-visa-count\">\n                                    Service 7                                <\/span>\n                                <h3 class=\"pxl-item--title\">Skilled Labor<\/h3>\n                            <\/div>\n                        <\/div>\n                    <\/div>\n                <\/div>\n            <\/div>\n                        <div class=\"grid-sizer col-xl-4 col-lg-4 col-md-6 col-sm-6 col-12\"><\/div>\n    <\/div>\n        <\/div>\t\t\t\t<\/div>\n\t\t\t\t<\/div>\n\t\t\t\t<div class=\"elementor-element elementor-element-cf31244 elementor-widget elementor-widget-spacer\" data-id=\"cf31244\" data-element_type=\"widget\" data-widget_type=\"spacer.default\">\n\t\t\t\t\t\t\t<div class=\"elementor-spacer\">\n\t\t\t<div class=\"elementor-spacer-inner\"><\/div>\n\t\t<\/div>\n\t\t\t\t\t\t<\/div>\n\t\t\t\t\t<\/div>\r\n\t\t\t\t<\/div>\r\n\t\t\t\t<\/div>","protected":false},"excerpt":{"rendered":"<p>D\u1ecbch v\u1ee5 n\u1ed5i b\u1eadt Ch\u01b0\u01a1ng Tr\u00ecnh H\u1ecdc T\u1eadp &#038; L\u00e0m Vi\u1ec7c T\u1ea1i CHLB \u0110\u1ee9c Service 1 Du h\u1ecdc ph\u1ed5 th\u00f4ng Service 2 Du h\u1ecdc ngh\u1ec1 \u0110\u1ee9c Service 3 Du h\u1ecdc \u0110\u1ea1i h\u1ecdc &#8211; Sau \u0110\u1ea1i h\u1ecdc Service 4 Chuy\u1ec3n \u0111\u1ed5i b\u1eb1ng \u0111\u00fang ng\u00e0nh Service 5 Chuy\u1ec3n \u0111\u1ed5i b\u1eb1ng tr\u00e1i ng\u00e0nh Service 6 Lao \u0111\u1ed9ng th\u1eddi [&hellip;]<\/p>\n","protected":false},"author":1,"featured_media":0,"parent":0,"menu_order":0,"comment_status":"closed","ping_status":"closed","template":"","meta":{"footnotes":""},"class_list":["post-4779","page","type-page","status-publish","hentry"],"rankmath_keywords":{"primary":"","secondary":[""]},"yoast_keywords":{"primary":"","secondary":[]},"yoast_focuskw":"","rankmath_focuskw":"","seo_keywords":{"primary":"","secondary":[""]},"_links":{"self":[{"href":"https:\/\/pdt.edu.vn\/en\/wp-json\/wp\/v2\/pages\/4779","targetHints":{"allow":["GET"]}}],"collection":[{"href":"https:\/\/pdt.edu.vn\/en\/wp-json\/wp\/v2\/pages"}],"about":[{"href":"https:\/\/pdt.edu.vn\/en\/wp-json\/wp\/v2\/types\/page"}],"author":[{"embeddable":true,"href":"https:\/\/pdt.edu.vn\/en\/wp-json\/wp\/v2\/users\/1"}],"replies":[{"embeddable":true,"href":"https:\/\/pdt.edu.vn\/en\/wp-json\/wp\/v2\/comments?post=4779"}],"version-history":[{"count":67,"href":"https:\/\/pdt.edu.vn\/en\/wp-json\/wp\/v2\/pages\/4779\/revisions"}],"predecessor-version":[{"id":8695,"href":"https:\/\/pdt.edu.vn\/en\/wp-json\/wp\/v2\/pages\/4779\/revisions\/8695"}],"wp:attachment":[{"href":"https:\/\/pdt.edu.vn\/en\/wp-json\/wp\/v2\/media?parent=4779"}],"curies":[{"name":"wp","href":"https:\/\/api.w.org\/{rel}","templated":true}]}}