{"id":4777,"date":"2025-11-11T09:00:58","date_gmt":"2025-11-11T02:00:58","guid":{"rendered":"https:\/\/pdt.h2791.dpsmedia.vn\/?page_id=4777"},"modified":"2026-02-03T16:20:19","modified_gmt":"2026-02-03T09:20:19","slug":"pdt-wissenschaft","status":"publish","type":"page","link":"https:\/\/pdt.edu.vn\/de\/khoa-hoc-pdt\/","title":{"rendered":"Kurse"},"content":{"rendered":"<div data-elementor-type=\"wp-page\" data-elementor-id=\"4777\" class=\"elementor elementor-4777\" data-elementor-post-type=\"page\">\n\t\t\t\t<div class=\"elementor-element elementor-element-934f61c e-flex e-con-boxed e-con e-parent\" data-id=\"934f61c\" data-element_type=\"container\">\t\t\t<div class=\"e-con-inner\">\r\n\t\t\t\t<div class=\"elementor-element elementor-element-8470423 elementor-widget elementor-widget-spacer\" data-id=\"8470423\" data-element_type=\"widget\" data-widget_type=\"spacer.default\">\n\t\t\t\t\t\t\t<div class=\"elementor-spacer\">\n\t\t\t<div class=\"elementor-spacer-inner\"><\/div>\n\t\t<\/div>\n\t\t\t\t\t\t<\/div>\n\t\t    \t\t<div class=\"elementor-element elementor-element-3aca6a5 elementor-widget elementor-widget-pxl_heading\" data-id=\"3aca6a5\" data-element_type=\"widget\" data-widget_type=\"pxl_heading.default\">\n\t\t\t\t<div class=\"elementor-widget-container\">\n\t\t\t\t\t<div id=\"pxl-pxl_heading-3aca6a5-6694\" class=\"pxl-heading px-sub-title-default-style\">\n\t<div class=\"pxl-heading--inner\">\n\t\t\n\t\t\t\t\t<div class=\"pxl-item--subtitle px-sub-title-default pxl-split-text split-in-left\" data-wow-delay=\"ms\">\n\t\t\t\t<span class=\"pxl-item--subtext\">\n\t\t\t\t\t\t\t\t\t\t\t<span class=\"pxl-item--icon pxl-mr-1\">\n\t\t\t\t\t\t\t<i aria-hidden=\"true\" class=\"fas fa-paper-plane\"><\/i>\t\t\t\t\t\t<\/span>\n\t\t\t\t\t\t\t\t\t\tKURS\t\t\t\t\t<span class=\"pxl-item--subdivider\"><\/span>\n\t\t\t\t<\/span>\n\t\t\t<\/div>\n\t\t\n\t\t<h2 class=\"pxl-item--title pxl-split-text split-in-left\" data-wow-delay=\"ms\">\n\t\tInternationaler Standard-Lernpfad\t\t\n\t\t<\/h2>\n\n\t\t\n\t\t\n\t\t\t\t\t\t\t\t\n\t<\/div>\n<\/div>\n\t\t\t\t<\/div>\n\t\t\t\t<\/div>\n\t\t\t\t<div class=\"elementor-element elementor-element-48bafb6 pxl-post-layout-service-2 elementor-widget elementor-widget-pxl_post_grid\" data-id=\"48bafb6\" data-element_type=\"widget\" data-widget_type=\"pxl_post_grid.default\">\n\t\t\t\t<div class=\"elementor-widget-container\">\n\t\t\t\t\t\n<div id=\"pxl_post_grid-48bafb6-5716\" class=\"pxl-grid pxl-service-grid pxl-service-grid-layout2 pxl-grid--6items  pxl-service-active-on\" data-layout=\"masonry\" data-start-page=\"1\" data-max-pages=\"2\" data-total=\"7\" data-perpage=\"6\" data-next-link=\"https:\/\/pdt.edu.vn\/de\/wp-json\/wp\/v2\/pages\/4777\/page\/2\/\">\n    \n    <div class=\"pxl-grid-inner pxl-grid-masonry row\" data-gutter=\"15\">\n                    <div class=\"pxl-grid-item col-xl-4 col-lg-4 col-md-4 col-sm-6 col-12\">\n                <div class=\"pxl-item--inner\" data-wow-duration=\"1.2s\">\n                                        <div class=\"pxl-item--featured item-image\">\n                        <a class=\"pxl-wrap-link\" href=\"https:\/\/pdt.edu.vn\/de\/khoa-hoc\/trinh-do-a1\/\"> <img fetchpriority=\"high\" decoding=\"async\" class=\"\" src=\"https:\/\/pdt.edu.vn\/wp-content\/uploads\/2026\/03\/hoc-tieng-duc-cho-nguoi-moi-bat-dau-1-410x270.jpg\" width=\"410\" height=\"270\" alt=\"deutsch-lernen-fuer-anfaenger-1\" title=\"deutsch-lernen-fuer-anfaenger-1\" \/><\/a>\n                    <\/div>\n                                <div class=\"pxl-item--holder\">\n                                       <div class=\"pxl-item--icon\">\n                        <svg xmlns=\"http:\/\/www.w3.org\/2000\/svg\" width=\"9\" height=\"9\" viewbox=\"0 0 9 9\" fill=\"none\">\n                            <path d=\"M0 9C6 9 8.5 3 9 0V9H0Z\"\/>\n                        <\/svg>\n                        <i class=\"flaticon flaticon-distance-education\"><\/i>\n                        <svg xmlns=\"http:\/\/www.w3.org\/2000\/svg\" width=\"9\" height=\"9\" viewbox=\"0 0 9 9\" fill=\"none\">\n                            <path d=\"M9 9C3 9 0.5 3 0 0V9H9Z\"\/>\n                        <\/svg>\n                    <\/div>\n                                                <h3 class=\"pxl-item--title\">\n                    <a href=\"https:\/\/pdt.edu.vn\/de\/khoa-hoc\/trinh-do-a1\/\">Niveau A1<\/a>\n                <\/h3>\n                <div class=\"pxl-line-paper\">\n\n                <\/div>\n                                    <div class=\"pxl-item--content pxl-excerpt-line\" style=\"-webkit-line-clamp: 2;\">\n                        Der A1-Kurs richtet sich an Anf\u00e4nger und hilft den Sch\u00fclern, sich ab den grundlegendsten Kenntnissen mit der deutschen Sprache vertraut zu machen. Ziel\u2026                    <\/div>\n                                                    <div class=\"pxl-item--button\">\n                        <a class=\"btn--readmore\" href=\"https:\/\/pdt.edu.vn\/de\/khoa-hoc\/trinh-do-a1\/\">\n                            <span class=\"btn-readmore--text\">Details ansehen<\/span>\n                            <span class=\"btn-readmore--icon pxl-ml-10\"><i class=\"flaticon-right-arrow-2 rtl-reverse\"><\/i><\/span>\n                        <\/a>\n                    <\/div>\n                            <\/div>\n        <\/div>\n    <\/div>\n            <div class=\"pxl-grid-item col-xl-4 col-lg-4 col-md-4 col-sm-6 col-12\">\n                <div class=\"pxl-item--inner\" data-wow-duration=\"1.2s\">\n                                        <div class=\"pxl-item--featured item-image\">\n                        <a class=\"pxl-wrap-link\" href=\"https:\/\/pdt.edu.vn\/de\/khoa-hoc\/trinh-do-a2\/\"> <img decoding=\"async\" class=\"\" src=\"https:\/\/pdt.edu.vn\/wp-content\/uploads\/2025\/11\/f1a456b60c03825ddb12-1-410x270.jpg\" width=\"410\" height=\"270\" alt=\"f1a456b60c03825ddb12 (1)\" title=\"f1a456b60c03825ddb12 (1)\" \/><\/a>\n                    <\/div>\n                                <div class=\"pxl-item--holder\">\n                                       <div class=\"pxl-item--icon\">\n                        <svg xmlns=\"http:\/\/www.w3.org\/2000\/svg\" width=\"9\" height=\"9\" viewbox=\"0 0 9 9\" fill=\"none\">\n                            <path d=\"M0 9C6 9 8.5 3 9 0V9H0Z\"\/>\n                        <\/svg>\n                        <i class=\"flaticon flaticon-distance-education\"><\/i>\n                        <svg xmlns=\"http:\/\/www.w3.org\/2000\/svg\" width=\"9\" height=\"9\" viewbox=\"0 0 9 9\" fill=\"none\">\n                            <path d=\"M9 9C3 9 0.5 3 0 0V9H9Z\"\/>\n                        <\/svg>\n                    <\/div>\n                                                <h3 class=\"pxl-item--title\">\n                    <a href=\"https:\/\/pdt.edu.vn\/de\/khoa-hoc\/trinh-do-a2\/\">Niveau A2<\/a>\n                <\/h3>\n                <div class=\"pxl-line-paper\">\n\n                <\/div>\n                                    <div class=\"pxl-item--content pxl-excerpt-line\" style=\"-webkit-line-clamp: 2;\">\n                        Der A2-Deutschkurs hilft den Sch\u00fclern, ihren Wortschatz zu erweitern und ihre Kommunikationsf\u00e4higkeit in vertrauten Situationen und Form\u2026 zu verbessern.                    <\/div>\n                                                    <div class=\"pxl-item--button\">\n                        <a class=\"btn--readmore\" href=\"https:\/\/pdt.edu.vn\/de\/khoa-hoc\/trinh-do-a2\/\">\n                            <span class=\"btn-readmore--text\">Details ansehen<\/span>\n                            <span class=\"btn-readmore--icon pxl-ml-10\"><i class=\"flaticon-right-arrow-2 rtl-reverse\"><\/i><\/span>\n                        <\/a>\n                    <\/div>\n                            <\/div>\n        <\/div>\n    <\/div>\n            <div class=\"pxl-grid-item col-xl-4 col-lg-4 col-md-4 col-sm-6 col-12\">\n                <div class=\"pxl-item--inner\" data-wow-duration=\"1.2s\">\n                                        <div class=\"pxl-item--featured item-image\">\n                        <a class=\"pxl-wrap-link\" href=\"https:\/\/pdt.edu.vn\/de\/khoa-hoc\/trinh-do-b1\/\"> <img decoding=\"async\" class=\"\" src=\"https:\/\/pdt.edu.vn\/wp-content\/uploads\/2026\/03\/cap-nhat-chinh-sach-tu-bo-thuong-binh-va-xa-hoi-xkld-duc-2026-1773630118099_dpsmedia-410x270.png\" width=\"410\" height=\"270\" alt=\"aktualisierung-der-richtlinien-des-ministeriums-fuer-arbeit-invaliden-und-soziales-arbeit-in-deutschland-2026-1773630118099_dpsmedia\" title=\"aktualisierung-der-richtlinien-des-ministeriums-fuer-arbeit-invaliden-und-soziales-arbeit-in-deutschland-2026-1773630118099_dpsmedia\" \/><\/a>\n                    <\/div>\n                                <div class=\"pxl-item--holder\">\n                                       <div class=\"pxl-item--icon\">\n                        <svg xmlns=\"http:\/\/www.w3.org\/2000\/svg\" width=\"9\" height=\"9\" viewbox=\"0 0 9 9\" fill=\"none\">\n                            <path d=\"M0 9C6 9 8.5 3 9 0V9H0Z\"\/>\n                        <\/svg>\n                        <i class=\"flaticon flaticon-distance-education\"><\/i>\n                        <svg xmlns=\"http:\/\/www.w3.org\/2000\/svg\" width=\"9\" height=\"9\" viewbox=\"0 0 9 9\" fill=\"none\">\n                            <path d=\"M9 9C3 9 0.5 3 0 0V9H9Z\"\/>\n                        <\/svg>\n                    <\/div>\n                                                <h3 class=\"pxl-item--title\">\n                    <a href=\"https:\/\/pdt.edu.vn\/de\/khoa-hoc\/trinh-do-b1\/\">Niveau B1<\/a>\n                <\/h3>\n                <div class=\"pxl-line-paper\">\n\n                <\/div>\n                                    <div class=\"pxl-item--content pxl-excerpt-line\" style=\"-webkit-line-clamp: 2;\">\n                        Der B1-Kurs bei PDT ist f\u00fcr Sch\u00fcler konzipiert, die bereits \u00fcber Deutschkenntnisse verf\u00fcgen und den Standard f\u00fcr ein Studium im Ausland erreichen m\u00f6chten\u2026                    <\/div>\n                                                    <div class=\"pxl-item--button\">\n                        <a class=\"btn--readmore\" href=\"https:\/\/pdt.edu.vn\/de\/khoa-hoc\/trinh-do-b1\/\">\n                            <span class=\"btn-readmore--text\">Details ansehen<\/span>\n                            <span class=\"btn-readmore--icon pxl-ml-10\"><i class=\"flaticon-right-arrow-2 rtl-reverse\"><\/i><\/span>\n                        <\/a>\n                    <\/div>\n                            <\/div>\n        <\/div>\n    <\/div>\n            <div class=\"pxl-grid-item col-xl-4 col-lg-4 col-md-4 col-sm-6 col-12\">\n                <div class=\"pxl-item--inner\" data-wow-duration=\"1.2s\">\n                                        <div class=\"pxl-item--featured item-image\">\n                        <a class=\"pxl-wrap-link\" href=\"https:\/\/pdt.edu.vn\/de\/khoa-hoc\/trinh-do-b2\/\"> <img loading=\"lazy\" decoding=\"async\" class=\"\" src=\"https:\/\/pdt.edu.vn\/wp-content\/uploads\/2025\/11\/p1-410x270.png\" width=\"410\" height=\"270\" alt=\"p1\" title=\"p1\" \/><\/a>\n                    <\/div>\n                                <div class=\"pxl-item--holder\">\n                                       <div class=\"pxl-item--icon\">\n                        <svg xmlns=\"http:\/\/www.w3.org\/2000\/svg\" width=\"9\" height=\"9\" viewbox=\"0 0 9 9\" fill=\"none\">\n                            <path d=\"M0 9C6 9 8.5 3 9 0V9H0Z\"\/>\n                        <\/svg>\n                        <i class=\"flaticon flaticon-distance-education\"><\/i>\n                        <svg xmlns=\"http:\/\/www.w3.org\/2000\/svg\" width=\"9\" height=\"9\" viewbox=\"0 0 9 9\" fill=\"none\">\n                            <path d=\"M9 9C3 9 0.5 3 0 0V9H9Z\"\/>\n                        <\/svg>\n                    <\/div>\n                                                <h3 class=\"pxl-item--title\">\n                    <a href=\"https:\/\/pdt.edu.vn\/de\/khoa-hoc\/trinh-do-b2\/\">B1-Pr\u00fcfungsvorbereitung<\/a>\n                <\/h3>\n                <div class=\"pxl-line-paper\">\n\n                <\/div>\n                                    <div class=\"pxl-item--content pxl-excerpt-line\" style=\"-webkit-line-clamp: 2;\">\n                        Die B1-Deutschpr\u00fcfung ist immer ein wichtiger Meilenstein f\u00fcr diejenigen, die das Ziel haben, in Deutschland zu studieren oder eine Berufsausbildung zu machen.\u2026                    <\/div>\n                                                    <div class=\"pxl-item--button\">\n                        <a class=\"btn--readmore\" href=\"https:\/\/pdt.edu.vn\/de\/khoa-hoc\/trinh-do-b2\/\">\n                            <span class=\"btn-readmore--text\">Details ansehen<\/span>\n                            <span class=\"btn-readmore--icon pxl-ml-10\"><i class=\"flaticon-right-arrow-2 rtl-reverse\"><\/i><\/span>\n                        <\/a>\n                    <\/div>\n                            <\/div>\n        <\/div>\n    <\/div>\n            <div class=\"pxl-grid-item col-xl-4 col-lg-4 col-md-4 col-sm-6 col-12\">\n                <div class=\"pxl-item--inner\" data-wow-duration=\"1.2s\">\n                                        <div class=\"pxl-item--featured item-image\">\n                        <a class=\"pxl-wrap-link\" href=\"https:\/\/pdt.edu.vn\/de\/khoa-hoc\/tham-gia-ky-thi-ecl\/\"> <img loading=\"lazy\" decoding=\"async\" class=\"\" src=\"https:\/\/pdt.edu.vn\/wp-content\/uploads\/2025\/11\/dieu-kien-du-hoc-duc-mien-phi-410x270.jpg\" width=\"410\" height=\"270\" alt=\"voraussetzungen-fuer-ein-kostenloses-studium-in-deutschland\" title=\"voraussetzungen-fuer-ein-kostenloses-studium-in-deutschland\" \/><\/a>\n                    <\/div>\n                                <div class=\"pxl-item--holder\">\n                                       <div class=\"pxl-item--icon\">\n                        <svg xmlns=\"http:\/\/www.w3.org\/2000\/svg\" width=\"9\" height=\"9\" viewbox=\"0 0 9 9\" fill=\"none\">\n                            <path d=\"M0 9C6 9 8.5 3 9 0V9H0Z\"\/>\n                        <\/svg>\n                        <i class=\"flaticon flaticon-distance-education\"><\/i>\n                        <svg xmlns=\"http:\/\/www.w3.org\/2000\/svg\" width=\"9\" height=\"9\" viewbox=\"0 0 9 9\" fill=\"none\">\n                            <path d=\"M9 9C3 9 0.5 3 0 0V9H9Z\"\/>\n                        <\/svg>\n                    <\/div>\n                                                <h3 class=\"pxl-item--title\">\n                    <a href=\"https:\/\/pdt.edu.vn\/de\/khoa-hoc\/tham-gia-ky-thi-ecl\/\">ECL-Pr\u00fcfungsteilnahme<\/a>\n                <\/h3>\n                <div class=\"pxl-line-paper\">\n\n                <\/div>\n                                    <div class=\"pxl-item--content pxl-excerpt-line\" style=\"-webkit-line-clamp: 2;\">\n                        Die ECL-Pr\u00fcfung ist eines der in Europa weit anerkannten Deutsch-Zertifikate und f\u00fcr viele von euch geeignet\u2026                    <\/div>\n                                                    <div class=\"pxl-item--button\">\n                        <a class=\"btn--readmore\" href=\"https:\/\/pdt.edu.vn\/de\/khoa-hoc\/tham-gia-ky-thi-ecl\/\">\n                            <span class=\"btn-readmore--text\">Details ansehen<\/span>\n                            <span class=\"btn-readmore--icon pxl-ml-10\"><i class=\"flaticon-right-arrow-2 rtl-reverse\"><\/i><\/span>\n                        <\/a>\n                    <\/div>\n                            <\/div>\n        <\/div>\n    <\/div>\n            <div class=\"pxl-grid-item col-xl-4 col-lg-4 col-md-4 col-sm-6 col-12\">\n                <div class=\"pxl-item--inner\" data-wow-duration=\"1.2s\">\n                                        <div class=\"pxl-item--featured item-image\">\n                        <a class=\"pxl-wrap-link\" href=\"https:\/\/pdt.edu.vn\/de\/khoa-hoc\/luyen-phong-van-voi-doanh-nghiep\/\"> <img loading=\"lazy\" decoding=\"async\" class=\"\" src=\"https:\/\/pdt.edu.vn\/wp-content\/uploads\/2025\/11\/Thiet-ke-chua-co-ten-2025-12-02T140551.947-410x270.jpg\" width=\"410\" height=\"270\" alt=\"Unbenanntes-Design-2025-12-02T140551.947\" title=\"Unbenanntes-Design-2025-12-02T140551.947\" \/><\/a>\n                    <\/div>\n                                <div class=\"pxl-item--holder\">\n                                       <div class=\"pxl-item--icon\">\n                        <svg xmlns=\"http:\/\/www.w3.org\/2000\/svg\" width=\"9\" height=\"9\" viewbox=\"0 0 9 9\" fill=\"none\">\n                            <path d=\"M0 9C6 9 8.5 3 9 0V9H0Z\"\/>\n                        <\/svg>\n                        <i class=\"flaticon flaticon-distance-education\"><\/i>\n                        <svg xmlns=\"http:\/\/www.w3.org\/2000\/svg\" width=\"9\" height=\"9\" viewbox=\"0 0 9 9\" fill=\"none\">\n                            <path d=\"M9 9C3 9 0.5 3 0 0V9H9Z\"\/>\n                        <\/svg>\n                    <\/div>\n                                                <h3 class=\"pxl-item--title\">\n                    <a href=\"https:\/\/pdt.edu.vn\/de\/khoa-hoc\/luyen-phong-van-voi-doanh-nghiep\/\">Interviewtraining mit Unternehmen<\/a>\n                <\/h3>\n                <div class=\"pxl-line-paper\">\n\n                <\/div>\n                                    <div class=\"pxl-item--content pxl-excerpt-line\" style=\"-webkit-line-clamp: 2;\">\n                        Das \u00dcben von Vorstellungsgespr\u00e4chen mit Unternehmen ist ein wichtiger Schritt, der Ihnen hilft, auf Ihrem Weg zur Berufsausbildung und Arbeit in\u2026 selbstbewusster zu sein.                    <\/div>\n                                                    <div class=\"pxl-item--button\">\n                        <a class=\"btn--readmore\" href=\"https:\/\/pdt.edu.vn\/de\/khoa-hoc\/luyen-phong-van-voi-doanh-nghiep\/\">\n                            <span class=\"btn-readmore--text\">Details ansehen<\/span>\n                            <span class=\"btn-readmore--icon pxl-ml-10\"><i class=\"flaticon-right-arrow-2 rtl-reverse\"><\/i><\/span>\n                        <\/a>\n                    <\/div>\n                            <\/div>\n        <\/div>\n    <\/div>\n        <div class=\"grid-sizer col-xl-4 col-lg-4 col-md-4 col-sm-6 col-12\"><\/div>\n    <\/div>\n        <\/div>\t\t\t\t<\/div>\n\t\t\t\t<\/div>\n\t\t\t\t<div class=\"elementor-element elementor-element-b357516 elementor-widget elementor-widget-spacer\" data-id=\"b357516\" data-element_type=\"widget\" data-widget_type=\"spacer.default\">\n\t\t\t\t\t\t\t<div class=\"elementor-spacer\">\n\t\t\t<div class=\"elementor-spacer-inner\"><\/div>\n\t\t<\/div>\n\t\t\t\t\t\t<\/div>\n\t\t\t\t\t<\/div>\r\n\t\t\t\t<\/div>\r\n\t\t\t\t<\/div>","protected":false},"excerpt":{"rendered":"<p>KH\u00d3A H\u1eccC L\u1ed9 Tr\u00ecnh Chu\u1ea9n Qu\u1ed1c T\u1ebf Tr\u00ecnh \u0111\u1ed9 A1 Kh\u00f3a h\u1ecdc A1 d\u00e0nh cho ng\u01b0\u1eddi m\u1edbi b\u1eaft \u0111\u1ea7u, gi\u00fap h\u1ecdc vi\u00ean l\u00e0m quen v\u1edbi ti\u1ebfng \u0110\u1ee9c t\u1eeb nh\u1eefng ki\u1ebfn th\u1ee9c c\u01a1 b\u1ea3n nh\u1ea5t. M\u1ee5c&hellip; Xem chi ti\u1ebft Tr\u00ecnh \u0111\u1ed9 A2 Kh\u00f3a ti\u1ebfng \u0110\u1ee9c A2 gi\u00fap h\u1ecdc vi\u00ean m\u1edf r\u1ed9ng v\u1ed1n t\u1eeb, n\u00e2ng cao kh\u1ea3 [&hellip;]<\/p>\n","protected":false},"author":1,"featured_media":0,"parent":0,"menu_order":0,"comment_status":"closed","ping_status":"closed","template":"","meta":{"footnotes":""},"class_list":["post-4777","page","type-page","status-publish","hentry"],"rankmath_keywords":{"primary":"","secondary":[""]},"yoast_keywords":{"primary":"","secondary":[]},"yoast_focuskw":"","rankmath_focuskw":"","seo_keywords":{"primary":"","secondary":[""]},"_links":{"self":[{"href":"https:\/\/pdt.edu.vn\/de\/wp-json\/wp\/v2\/pages\/4777","targetHints":{"allow":["GET"]}}],"collection":[{"href":"https:\/\/pdt.edu.vn\/de\/wp-json\/wp\/v2\/pages"}],"about":[{"href":"https:\/\/pdt.edu.vn\/de\/wp-json\/wp\/v2\/types\/page"}],"author":[{"embeddable":true,"href":"https:\/\/pdt.edu.vn\/de\/wp-json\/wp\/v2\/users\/1"}],"replies":[{"embeddable":true,"href":"https:\/\/pdt.edu.vn\/de\/wp-json\/wp\/v2\/comments?post=4777"}],"version-history":[{"count":20,"href":"https:\/\/pdt.edu.vn\/de\/wp-json\/wp\/v2\/pages\/4777\/revisions"}],"predecessor-version":[{"id":6018,"href":"https:\/\/pdt.edu.vn\/de\/wp-json\/wp\/v2\/pages\/4777\/revisions\/6018"}],"wp:attachment":[{"href":"https:\/\/pdt.edu.vn\/de\/wp-json\/wp\/v2\/media?parent=4777"}],"curies":[{"name":"wp","href":"https:\/\/api.w.org\/{rel}","templated":true}]}}