{"id":243,"date":"2023-10-20T02:46:19","date_gmt":"2023-10-20T02:46:19","guid":{"rendered":"https:\/\/demo.bravisthemes.com\/immigway\/?page_id=243"},"modified":"2026-04-02T00:10:28","modified_gmt":"2026-04-01T17:10:28","slug":"blog","status":"publish","type":"page","link":"https:\/\/pdt.edu.vn\/de\/blog\/","title":{"rendered":"Nachrichten"},"content":{"rendered":"<div data-elementor-type=\"wp-page\" data-elementor-id=\"243\" class=\"elementor elementor-243\" data-elementor-post-type=\"page\">\n\t\t\t\t<div class=\"elementor-element elementor-element-a4b6d4b e-flex e-con-boxed e-con e-parent\" data-id=\"a4b6d4b\" data-element_type=\"container\">\t\t\t<div class=\"e-con-inner\">\r\n\t\t\t\t<div class=\"elementor-element elementor-element-1f3892d elementor-widget elementor-widget-heading\" data-id=\"1f3892d\" data-element_type=\"widget\" data-widget_type=\"heading.default\">\n\t\t\t\t\t<h2 class=\"elementor-heading-title elementor-size-default\">NEUESTE NACHRICHTEN<\/h2>\t\t\t\t<\/div>\n\t\t    \t\t<div class=\"elementor-element elementor-element-e803eb9 elementor-grid-2 elementor-grid-tablet-2 elementor-grid-mobile-1 elementor-posts--thumbnail-top load-more-align-center elementor-widget elementor-widget-posts\" data-id=\"e803eb9\" data-element_type=\"widget\" data-settings=\"{&quot;classic_columns&quot;:&quot;2&quot;,&quot;classic_row_gap&quot;:{&quot;unit&quot;:&quot;px&quot;,&quot;size&quot;:25,&quot;sizes&quot;:[]},&quot;pagination_type&quot;:&quot;load_more_on_click&quot;,&quot;classic_columns_tablet&quot;:&quot;2&quot;,&quot;classic_columns_mobile&quot;:&quot;1&quot;,&quot;classic_row_gap_tablet&quot;:{&quot;unit&quot;:&quot;px&quot;,&quot;size&quot;:&quot;&quot;,&quot;sizes&quot;:[]},&quot;classic_row_gap_mobile&quot;:{&quot;unit&quot;:&quot;px&quot;,&quot;size&quot;:&quot;&quot;,&quot;sizes&quot;:[]},&quot;load_more_spinner&quot;:{&quot;value&quot;:&quot;fas fa-spinner&quot;,&quot;library&quot;:&quot;fa-solid&quot;}}\" data-widget_type=\"posts.classic\">\n\t\t\t\t<div class=\"elementor-widget-container\">\n\t\t\t\t\t\t\t<div class=\"elementor-posts-container elementor-posts elementor-posts--skin-classic elementor-grid\" role=\"list\">\n\t\t\t\t<article class=\"elementor-post elementor-grid-item post-8794 post type-post status-publish format-standard has-post-thumbnail hentry category-tu-van-du-hoc-nghe\" role=\"listitem\">\n\t\t\t\t<a class=\"elementor-post__thumbnail__link\" href=\"https:\/\/pdt.edu.vn\/de\/chuong-trinh-chuyen-doi-bang-cap-cho-nguoi-viet-chuan\/\" tabindex=\"-1\">\n\t\t\t<div class=\"elementor-post__thumbnail\"><img fetchpriority=\"high\" decoding=\"async\" width=\"2560\" height=\"1429\" src=\"https:\/\/pdt.edu.vn\/wp-content\/uploads\/2026\/04\/7-buoc-chuong-trinh-chuyen-doi-bang-cap-cho-nguoi-viet-chuan-1775581945372_no_wm-scaled.jpg\" class=\"attachment-full size-full wp-image-8826\" alt=\"Anerkennungsprogramm-fuer-vietnamesische-Abschluesse\" srcset=\"https:\/\/pdt.edu.vn\/wp-content\/uploads\/2026\/04\/7-buoc-chuong-trinh-chuyen-doi-bang-cap-cho-nguoi-viet-chuan-1775581945372_no_wm-scaled.jpg 2560w, https:\/\/pdt.edu.vn\/wp-content\/uploads\/2026\/04\/7-buoc-chuong-trinh-chuyen-doi-bang-cap-cho-nguoi-viet-chuan-1775581945372_no_wm-300x167.jpg 300w, https:\/\/pdt.edu.vn\/wp-content\/uploads\/2026\/04\/7-buoc-chuong-trinh-chuyen-doi-bang-cap-cho-nguoi-viet-chuan-1775581945372_no_wm-1024x572.jpg 1024w, https:\/\/pdt.edu.vn\/wp-content\/uploads\/2026\/04\/7-buoc-chuong-trinh-chuyen-doi-bang-cap-cho-nguoi-viet-chuan-1775581945372_no_wm-768x429.jpg 768w, https:\/\/pdt.edu.vn\/wp-content\/uploads\/2026\/04\/7-buoc-chuong-trinh-chuyen-doi-bang-cap-cho-nguoi-viet-chuan-1775581945372_no_wm-1536x857.jpg 1536w, https:\/\/pdt.edu.vn\/wp-content\/uploads\/2026\/04\/7-buoc-chuong-trinh-chuyen-doi-bang-cap-cho-nguoi-viet-chuan-1775581945372_no_wm-2048x1143.jpg 2048w, https:\/\/pdt.edu.vn\/wp-content\/uploads\/2026\/04\/7-buoc-chuong-trinh-chuyen-doi-bang-cap-cho-nguoi-viet-chuan-1775581945372_no_wm-18x10.jpg 18w, https:\/\/pdt.edu.vn\/wp-content\/uploads\/2026\/04\/7-buoc-chuong-trinh-chuyen-doi-bang-cap-cho-nguoi-viet-chuan-1775581945372_no_wm-1200x670.jpg 1200w\" sizes=\"(max-width: 2560px) 100vw, 2560px\" \/><\/div>\n\t\t<\/a>\n\t\t\t\t<div class=\"elementor-post__text\">\n\t\t\t\t<h3 class=\"elementor-post__title\">\n\t\t\t<a href=\"https:\/\/pdt.edu.vn\/de\/chuong-trinh-chuyen-doi-bang-cap-cho-nguoi-viet-chuan\/\">\n\t\t\t\tAnerkennungsprogramm-fuer-vietnamesische-Abschluesse\t\t\t<\/a>\n\t\t<\/h3>\n\t\t\t\t<div class=\"elementor-post__excerpt\">\n\t\t\t<p>Im Jahr 2026 haben mehr als 5.000 Arbeitskr\u00e4fte Zugang zum europ\u00e4ischen Markt, aber 65% sto\u00dfen aufgrund von Bildungsbarrieren auf Schwierigkeiten. Nehmen Sie am Programm teil<\/p>\n\t\t<\/div>\n\t\t\t\t\t<div class=\"elementor-post__read-more-wrapper\">\n\t\t\n\t\t<a class=\"elementor-post__read-more\" href=\"https:\/\/pdt.edu.vn\/de\/chuong-trinh-chuyen-doi-bang-cap-cho-nguoi-viet-chuan\/\" aria-label=\"read-more-about-programm-zur-anerkennung-von-abschl\u00fcssen-f\u00fcr-vietnamesen-standard\" tabindex=\"-1\">\n\t\t\tDetails ansehen \u2192\t\t<\/a>\n\n\t\t\t\t\t<\/div>\n\t\t\t\t<\/div>\n\t\t\t\t<\/article>\n\t\t\t\t<article class=\"elementor-post elementor-grid-item post-8790 post type-post status-publish format-standard has-post-thumbnail hentry category-tu-van-du-hoc-duc\" role=\"listitem\">\n\t\t\t\t<a class=\"elementor-post__thumbnail__link\" href=\"https:\/\/pdt.edu.vn\/de\/thu-tuc-cong-nhan-bang-cap-tai-duc-hieu-qua\/\" tabindex=\"-1\">\n\t\t\t<div class=\"elementor-post__thumbnail\"><img decoding=\"async\" width=\"2560\" height=\"1429\" src=\"https:\/\/pdt.edu.vn\/wp-content\/uploads\/2026\/04\/7-buoc-thu-tuc-cong-nhan-bang-cap-tai-duc-hieu-qua-1775578994914_no_wm-scaled.jpg\" class=\"attachment-full size-full wp-image-8815\" alt=\"Effektives Anerkennungsverfahren f\u00fcr Abschl\u00fcsse in Deutschland\" srcset=\"https:\/\/pdt.edu.vn\/wp-content\/uploads\/2026\/04\/7-buoc-thu-tuc-cong-nhan-bang-cap-tai-duc-hieu-qua-1775578994914_no_wm-scaled.jpg 2560w, https:\/\/pdt.edu.vn\/wp-content\/uploads\/2026\/04\/7-buoc-thu-tuc-cong-nhan-bang-cap-tai-duc-hieu-qua-1775578994914_no_wm-300x167.jpg 300w, https:\/\/pdt.edu.vn\/wp-content\/uploads\/2026\/04\/7-buoc-thu-tuc-cong-nhan-bang-cap-tai-duc-hieu-qua-1775578994914_no_wm-1024x572.jpg 1024w, https:\/\/pdt.edu.vn\/wp-content\/uploads\/2026\/04\/7-buoc-thu-tuc-cong-nhan-bang-cap-tai-duc-hieu-qua-1775578994914_no_wm-768x429.jpg 768w, https:\/\/pdt.edu.vn\/wp-content\/uploads\/2026\/04\/7-buoc-thu-tuc-cong-nhan-bang-cap-tai-duc-hieu-qua-1775578994914_no_wm-1536x857.jpg 1536w, https:\/\/pdt.edu.vn\/wp-content\/uploads\/2026\/04\/7-buoc-thu-tuc-cong-nhan-bang-cap-tai-duc-hieu-qua-1775578994914_no_wm-2048x1143.jpg 2048w, https:\/\/pdt.edu.vn\/wp-content\/uploads\/2026\/04\/7-buoc-thu-tuc-cong-nhan-bang-cap-tai-duc-hieu-qua-1775578994914_no_wm-18x10.jpg 18w, https:\/\/pdt.edu.vn\/wp-content\/uploads\/2026\/04\/7-buoc-thu-tuc-cong-nhan-bang-cap-tai-duc-hieu-qua-1775578994914_no_wm-1200x670.jpg 1200w\" sizes=\"(max-width: 2560px) 100vw, 2560px\" \/><\/div>\n\t\t<\/a>\n\t\t\t\t<div class=\"elementor-post__text\">\n\t\t\t\t<h3 class=\"elementor-post__title\">\n\t\t\t<a href=\"https:\/\/pdt.edu.vn\/de\/thu-tuc-cong-nhan-bang-cap-tai-duc-hieu-qua\/\">\n\t\t\t\tEffektives Anerkennungsverfahren f\u00fcr Abschl\u00fcsse in Deutschland\t\t\t<\/a>\n\t\t<\/h3>\n\t\t\t\t<div class=\"elementor-post__excerpt\">\n\t\t\t<p>Haben Sie Schwierigkeiten mit dem Verfahren zur Anerkennung von Abschl\u00fcssen in Deutschland? Statistiken f\u00fcr 2026 zeigen, dass 45% der Antr\u00e4ge abgelehnt wurden, weil<\/p>\n\t\t<\/div>\n\t\t\t\t\t<div class=\"elementor-post__read-more-wrapper\">\n\t\t\n\t\t<a class=\"elementor-post__read-more\" href=\"https:\/\/pdt.edu.vn\/de\/thu-tuc-cong-nhan-bang-cap-tai-duc-hieu-qua\/\" aria-label=\"read-more-about-effektives-verfahren-zur-anerkennung-von-abschl\u00fcssen-in-deutschland\" tabindex=\"-1\">\n\t\t\tDetails ansehen \u2192\t\t<\/a>\n\n\t\t\t\t\t<\/div>\n\t\t\t\t<\/div>\n\t\t\t\t<\/article>\n\t\t\t\t<article class=\"elementor-post elementor-grid-item post-8751 post type-post status-publish format-standard has-post-thumbnail hentry category-du-hoc-duc\" role=\"listitem\">\n\t\t\t\t<a class=\"elementor-post__thumbnail__link\" href=\"https:\/\/pdt.edu.vn\/de\/bi-quyet-giai-de-thi-viet-b1-tieng-duc-telc-diem-cao\/\" tabindex=\"-1\">\n\t\t\t<div class=\"elementor-post__thumbnail\"><img decoding=\"async\" width=\"667\" height=\"500\" src=\"https:\/\/pdt.edu.vn\/wp-content\/uploads\/2026\/04\/de-thi-viet-b1-tieng-duc-telc.png\" class=\"attachment-full size-full wp-image-8785\" alt=\"Geheimnisse f\u00fcr eine hohe Punktzahl in der TELC B1 Deutsch Schreibpr\u00fcfung\" srcset=\"https:\/\/pdt.edu.vn\/wp-content\/uploads\/2026\/04\/de-thi-viet-b1-tieng-duc-telc.png 667w, https:\/\/pdt.edu.vn\/wp-content\/uploads\/2026\/04\/de-thi-viet-b1-tieng-duc-telc-300x225.png 300w, https:\/\/pdt.edu.vn\/wp-content\/uploads\/2026\/04\/de-thi-viet-b1-tieng-duc-telc-16x12.png 16w\" sizes=\"(max-width: 667px) 100vw, 667px\" \/><\/div>\n\t\t<\/a>\n\t\t\t\t<div class=\"elementor-post__text\">\n\t\t\t\t<h3 class=\"elementor-post__title\">\n\t\t\t<a href=\"https:\/\/pdt.edu.vn\/de\/bi-quyet-giai-de-thi-viet-b1-tieng-duc-telc-diem-cao\/\">\n\t\t\t\tGeheimnisse f\u00fcr eine hohe Punktzahl in der TELC B1 Deutsch Schreibpr\u00fcfung\t\t\t<\/a>\n\t\t<\/h3>\n\t\t\t\t<div class=\"elementor-post__excerpt\">\n\t\t\t<p>Das Bestehen der schriftlichen B1-Deutschpr\u00fcfung telc ist eine gro\u00dfe Herausforderung. Laut der Statistik der durchschnittlichen Bestehensquote im Jahr 2026, nur<\/p>\n\t\t<\/div>\n\t\t\t\t\t<div class=\"elementor-post__read-more-wrapper\">\n\t\t\n\t\t<a class=\"elementor-post__read-more\" href=\"https:\/\/pdt.edu.vn\/de\/bi-quyet-giai-de-thi-viet-b1-tieng-duc-telc-diem-cao\/\" aria-label=\"read-more-about-geheimnisse-zur-l\u00f6sung-der-telc-b1-deutsch-schreibpr\u00fcfung-mit-hoher-punktzahl\" tabindex=\"-1\">\n\t\t\tDetails ansehen \u2192\t\t<\/a>\n\n\t\t\t\t\t<\/div>\n\t\t\t\t<\/div>\n\t\t\t\t<\/article>\n\t\t\t\t<article class=\"elementor-post elementor-grid-item post-8761 post type-post status-publish format-standard has-post-thumbnail hentry category-tin-tuc\" role=\"listitem\">\n\t\t\t\t<a class=\"elementor-post__thumbnail__link\" href=\"https:\/\/pdt.edu.vn\/de\/cong-nhan-van-bang-huong-dan-chi-tiet-va-lo-trinh\/\" tabindex=\"-1\">\n\t\t\t<div class=\"elementor-post__thumbnail\"><img loading=\"lazy\" decoding=\"async\" width=\"1100\" height=\"600\" src=\"https:\/\/pdt.edu.vn\/wp-content\/uploads\/2026\/04\/cong-nhan-van-bang-2.jpg\" class=\"attachment-full size-full wp-image-8788\" alt=\"Anerkennung von Diplomen - Detaillierte Anleitung und Standardisierter Fahrplan\" srcset=\"https:\/\/pdt.edu.vn\/wp-content\/uploads\/2026\/04\/cong-nhan-van-bang-2.jpg 1100w, https:\/\/pdt.edu.vn\/wp-content\/uploads\/2026\/04\/cong-nhan-van-bang-2-300x164.jpg 300w, https:\/\/pdt.edu.vn\/wp-content\/uploads\/2026\/04\/cong-nhan-van-bang-2-1024x559.jpg 1024w, https:\/\/pdt.edu.vn\/wp-content\/uploads\/2026\/04\/cong-nhan-van-bang-2-768x419.jpg 768w, https:\/\/pdt.edu.vn\/wp-content\/uploads\/2026\/04\/cong-nhan-van-bang-2-18x10.jpg 18w\" sizes=\"(max-width: 1100px) 100vw, 1100px\" \/><\/div>\n\t\t<\/a>\n\t\t\t\t<div class=\"elementor-post__text\">\n\t\t\t\t<h3 class=\"elementor-post__title\">\n\t\t\t<a href=\"https:\/\/pdt.edu.vn\/de\/cong-nhan-van-bang-huong-dan-chi-tiet-va-lo-trinh\/\">\n\t\t\t\tAnerkennung von Diplomen \u2013 Detaillierte Anleitung und Standardisierter Fahrplan\t\t\t<\/a>\n\t\t<\/h3>\n\t\t\t\t<div class=\"elementor-post__excerpt\">\n\t\t\t<p>Die Anerkennung von Diplomen er\u00f6ffnet internationale Studien- und Arbeitsm\u00f6glichkeiten und wird f\u00fcr viele Menschen zu einem wichtigen Schritt<\/p>\n\t\t<\/div>\n\t\t\t\t\t<div class=\"elementor-post__read-more-wrapper\">\n\t\t\n\t\t<a class=\"elementor-post__read-more\" href=\"https:\/\/pdt.edu.vn\/de\/cong-nhan-van-bang-huong-dan-chi-tiet-va-lo-trinh\/\" aria-label=\"read-more-about-anerkennung-von-abschl\u00fcssen-detaillierte-anleitung-und-standardisierter-fahrplan\" tabindex=\"-1\">\n\t\t\tDetails ansehen \u2192\t\t<\/a>\n\n\t\t\t\t\t<\/div>\n\t\t\t\t<\/div>\n\t\t\t\t<\/article>\n\t\t\t\t<article class=\"elementor-post elementor-grid-item post-8752 post type-post status-publish format-standard has-post-thumbnail hentry category-tin-tuc\" role=\"listitem\">\n\t\t\t\t<a class=\"elementor-post__thumbnail__link\" href=\"https:\/\/pdt.edu.vn\/de\/tai-lieu-on-thi-b1-tieng-duc-goethe-hieu-qua\/\" tabindex=\"-1\">\n\t\t\t<div class=\"elementor-post__thumbnail\"><img loading=\"lazy\" decoding=\"async\" width=\"1600\" height=\"1066\" src=\"https:\/\/pdt.edu.vn\/wp-content\/uploads\/2026\/04\/tai-lieu-on-thi-b1-tieng-duc-goethe.jpeg\" class=\"attachment-full size-full wp-image-8754\" alt=\"Effektive Materialien f\u00fcr die Goethe B1 Pr\u00fcfungsvorbereitung Deutsch\" srcset=\"https:\/\/pdt.edu.vn\/wp-content\/uploads\/2026\/04\/tai-lieu-on-thi-b1-tieng-duc-goethe.jpeg 1600w, https:\/\/pdt.edu.vn\/wp-content\/uploads\/2026\/04\/tai-lieu-on-thi-b1-tieng-duc-goethe-300x200.jpeg 300w, https:\/\/pdt.edu.vn\/wp-content\/uploads\/2026\/04\/tai-lieu-on-thi-b1-tieng-duc-goethe-1024x682.jpeg 1024w, https:\/\/pdt.edu.vn\/wp-content\/uploads\/2026\/04\/tai-lieu-on-thi-b1-tieng-duc-goethe-768x512.jpeg 768w, https:\/\/pdt.edu.vn\/wp-content\/uploads\/2026\/04\/tai-lieu-on-thi-b1-tieng-duc-goethe-1536x1023.jpeg 1536w, https:\/\/pdt.edu.vn\/wp-content\/uploads\/2026\/04\/tai-lieu-on-thi-b1-tieng-duc-goethe-1126x750.jpeg 1126w\" sizes=\"(max-width: 1600px) 100vw, 1600px\" \/><\/div>\n\t\t<\/a>\n\t\t\t\t<div class=\"elementor-post__text\">\n\t\t\t\t<h3 class=\"elementor-post__title\">\n\t\t\t<a href=\"https:\/\/pdt.edu.vn\/de\/tai-lieu-on-thi-b1-tieng-duc-goethe-hieu-qua\/\">\n\t\t\t\tEffektive Materialien f\u00fcr die Goethe B1 Pr\u00fcfungsvorbereitung Deutsch\t\t\t<\/a>\n\t\t<\/h3>\n\t\t\t\t<div class=\"elementor-post__excerpt\">\n\t\t\t<p>Zu Beginn der Reise zum Zertifikat wird Ihnen die Auswahl der richtigen Goethe-B1-Deutsch-Pr\u00fcfungsvorbereitungsmaterialien dabei helfen, Zeit zu sparen<\/p>\n\t\t<\/div>\n\t\t\t\t\t<div class=\"elementor-post__read-more-wrapper\">\n\t\t\n\t\t<a class=\"elementor-post__read-more\" href=\"https:\/\/pdt.edu.vn\/de\/tai-lieu-on-thi-b1-tieng-duc-goethe-hieu-qua\/\" aria-label=\"read-more-about-effektive-vorbereitungsmaterialien-f\u00fcr-die-goethe-b1-deutschpr\u00fcfung\" tabindex=\"-1\">\n\t\t\tDetails ansehen \u2192\t\t<\/a>\n\n\t\t\t\t\t<\/div>\n\t\t\t\t<\/div>\n\t\t\t\t<\/article>\n\t\t\t\t<article class=\"elementor-post elementor-grid-item post-8750 post type-post status-publish format-standard has-post-thumbnail hentry category-du-hoc-duc\" role=\"listitem\">\n\t\t\t\t<a class=\"elementor-post__thumbnail__link\" href=\"https:\/\/pdt.edu.vn\/de\/de-thi-viet-b1-tieng-duc-telc\/\" tabindex=\"-1\">\n\t\t\t<div class=\"elementor-post__thumbnail\"><img loading=\"lazy\" decoding=\"async\" width=\"2560\" height=\"1429\" src=\"https:\/\/pdt.edu.vn\/wp-content\/uploads\/2026\/04\/7-bi-quyet-giai-de-thi-viet-b1-tieng-duc-telc-diem-cao-1775553296516_no_wm-scaled.jpg\" class=\"attachment-full size-full wp-image-8777\" alt=\"\" srcset=\"https:\/\/pdt.edu.vn\/wp-content\/uploads\/2026\/04\/7-bi-quyet-giai-de-thi-viet-b1-tieng-duc-telc-diem-cao-1775553296516_no_wm-scaled.jpg 2560w, https:\/\/pdt.edu.vn\/wp-content\/uploads\/2026\/04\/7-bi-quyet-giai-de-thi-viet-b1-tieng-duc-telc-diem-cao-1775553296516_no_wm-300x167.jpg 300w, https:\/\/pdt.edu.vn\/wp-content\/uploads\/2026\/04\/7-bi-quyet-giai-de-thi-viet-b1-tieng-duc-telc-diem-cao-1775553296516_no_wm-1024x572.jpg 1024w, https:\/\/pdt.edu.vn\/wp-content\/uploads\/2026\/04\/7-bi-quyet-giai-de-thi-viet-b1-tieng-duc-telc-diem-cao-1775553296516_no_wm-768x429.jpg 768w, https:\/\/pdt.edu.vn\/wp-content\/uploads\/2026\/04\/7-bi-quyet-giai-de-thi-viet-b1-tieng-duc-telc-diem-cao-1775553296516_no_wm-1536x857.jpg 1536w, https:\/\/pdt.edu.vn\/wp-content\/uploads\/2026\/04\/7-bi-quyet-giai-de-thi-viet-b1-tieng-duc-telc-diem-cao-1775553296516_no_wm-2048x1143.jpg 2048w, https:\/\/pdt.edu.vn\/wp-content\/uploads\/2026\/04\/7-bi-quyet-giai-de-thi-viet-b1-tieng-duc-telc-diem-cao-1775553296516_no_wm-18x10.jpg 18w, https:\/\/pdt.edu.vn\/wp-content\/uploads\/2026\/04\/7-bi-quyet-giai-de-thi-viet-b1-tieng-duc-telc-diem-cao-1775553296516_no_wm-1200x670.jpg 1200w\" sizes=\"(max-width: 2560px) 100vw, 2560px\" \/><\/div>\n\t\t<\/a>\n\t\t\t\t<div class=\"elementor-post__text\">\n\t\t\t\t<h3 class=\"elementor-post__title\">\n\t\t\t<a href=\"https:\/\/pdt.edu.vn\/de\/de-thi-viet-b1-tieng-duc-telc\/\">\n\t\t\t\t7 Geheimnisse f\u00fcr hohe Punktzahlen in der TELC B1 Schreibpr\u00fcfung Deutsch\t\t\t<\/a>\n\t\t<\/h3>\n\t\t\t\t<div class=\"elementor-post__excerpt\">\n\t\t\t<p>Das Bestehen der schriftlichen B1-Deutschpr\u00fcfung telc ist eine gro\u00dfe Herausforderung. Laut der Statistik der durchschnittlichen Bestehensquote im Jahr 2026, nur<\/p>\n\t\t<\/div>\n\t\t\t\t\t<div class=\"elementor-post__read-more-wrapper\">\n\t\t\n\t\t<a class=\"elementor-post__read-more\" href=\"https:\/\/pdt.edu.vn\/de\/de-thi-viet-b1-tieng-duc-telc\/\" aria-label=\"read-more-about-7-geheimnisse-zur-l\u00f6sung-der-telc-b1-deutsch-schreibpr\u00fcfung-mit-hoher-punktzahl\" tabindex=\"-1\">\n\t\t\tDetails ansehen \u2192\t\t<\/a>\n\n\t\t\t\t\t<\/div>\n\t\t\t\t<\/div>\n\t\t\t\t<\/article>\n\t\t\t\t<article class=\"elementor-post elementor-grid-item post-8733 post type-post status-publish format-standard has-post-thumbnail hentry category-bang-chu-cai-tieng-duc\" role=\"listitem\">\n\t\t\t\t<a class=\"elementor-post__thumbnail__link\" href=\"https:\/\/pdt.edu.vn\/de\/a1-tieng-duc-lo-trinh-hoc-tu-co-ban-den-3000-tu-vung\/\" tabindex=\"-1\">\n\t\t\t<div class=\"elementor-post__thumbnail\"><img loading=\"lazy\" decoding=\"async\" width=\"1487\" height=\"837\" src=\"https:\/\/pdt.edu.vn\/wp-content\/uploads\/2026\/04\/Khoa-hoc-tieng-Duc-A1.jpg\" class=\"attachment-full size-full wp-image-8735\" alt=\"\" srcset=\"https:\/\/pdt.edu.vn\/wp-content\/uploads\/2026\/04\/Khoa-hoc-tieng-Duc-A1.jpg 1487w, https:\/\/pdt.edu.vn\/wp-content\/uploads\/2026\/04\/Khoa-hoc-tieng-Duc-A1-300x169.jpg 300w, https:\/\/pdt.edu.vn\/wp-content\/uploads\/2026\/04\/Khoa-hoc-tieng-Duc-A1-1024x576.jpg 1024w, https:\/\/pdt.edu.vn\/wp-content\/uploads\/2026\/04\/Khoa-hoc-tieng-Duc-A1-768x432.jpg 768w, https:\/\/pdt.edu.vn\/wp-content\/uploads\/2026\/04\/Khoa-hoc-tieng-Duc-A1-1200x675.jpg 1200w\" sizes=\"(max-width: 1487px) 100vw, 1487px\" \/><\/div>\n\t\t<\/a>\n\t\t\t\t<div class=\"elementor-post__text\">\n\t\t\t\t<h3 class=\"elementor-post__title\">\n\t\t\t<a href=\"https:\/\/pdt.edu.vn\/de\/a1-tieng-duc-lo-trinh-hoc-tu-co-ban-den-3000-tu-vung\/\">\n\t\t\t\tA1 Deutsch: Lernpfad von den Grundlagen bis zu 3000 Vokabeln\t\t\t<\/a>\n\t\t<\/h3>\n\t\t\t\t<div class=\"elementor-post__excerpt\">\n\t\t\t<p>Wenn Sie anfangen, A1-Deutsch zu lernen, fragen Sie sich bestimmt, wie man effektiv lernt und wie viel Zeit man ben\u00f6tigt<\/p>\n\t\t<\/div>\n\t\t\t\t\t<div class=\"elementor-post__read-more-wrapper\">\n\t\t\n\t\t<a class=\"elementor-post__read-more\" href=\"https:\/\/pdt.edu.vn\/de\/a1-tieng-duc-lo-trinh-hoc-tu-co-ban-den-3000-tu-vung\/\" aria-label=\"read-more-about-a1-deutsch-lernpfad-von-den-grundlagen-bis-zu-3000-vokabeln\" tabindex=\"-1\">\n\t\t\tDetails ansehen \u2192\t\t<\/a>\n\n\t\t\t\t\t<\/div>\n\t\t\t\t<\/div>\n\t\t\t\t<\/article>\n\t\t\t\t<article class=\"elementor-post elementor-grid-item post-8724 post type-post status-publish format-standard has-post-thumbnail hentry category-tin-tuc\" role=\"listitem\">\n\t\t\t\t<a class=\"elementor-post__thumbnail__link\" href=\"https:\/\/pdt.edu.vn\/de\/app-hoc-tu-vung-tieng-duc-tot-nhat-cho-nguoi-moi-bat\/\" tabindex=\"-1\">\n\t\t\t<div class=\"elementor-post__thumbnail\"><img loading=\"lazy\" decoding=\"async\" width=\"1254\" height=\"837\" src=\"https:\/\/pdt.edu.vn\/wp-content\/uploads\/2026\/04\/iStock-1048293734.jpg\" class=\"attachment-full size-full wp-image-8726\" alt=\"\" srcset=\"https:\/\/pdt.edu.vn\/wp-content\/uploads\/2026\/04\/iStock-1048293734.jpg 1254w, https:\/\/pdt.edu.vn\/wp-content\/uploads\/2026\/04\/iStock-1048293734-300x200.jpg 300w, https:\/\/pdt.edu.vn\/wp-content\/uploads\/2026\/04\/iStock-1048293734-1024x683.jpg 1024w, https:\/\/pdt.edu.vn\/wp-content\/uploads\/2026\/04\/iStock-1048293734-768x513.jpg 768w, https:\/\/pdt.edu.vn\/wp-content\/uploads\/2026\/04\/iStock-1048293734-1124x750.jpg 1124w\" sizes=\"(max-width: 1254px) 100vw, 1254px\" \/><\/div>\n\t\t<\/a>\n\t\t\t\t<div class=\"elementor-post__text\">\n\t\t\t\t<h3 class=\"elementor-post__title\">\n\t\t\t<a href=\"https:\/\/pdt.edu.vn\/de\/app-hoc-tu-vung-tieng-duc-tot-nhat-cho-nguoi-moi-bat\/\">\n\t\t\t\tDie beste App zum Deutsch-Vokabellernen f\u00fcr Anf\u00e4nger\t\t\t<\/a>\n\t\t<\/h3>\n\t\t\t\t<div class=\"elementor-post__excerpt\">\n\t\t\t<p>Die Suche nach einer App zum Deutschlernen f\u00fcr Anf\u00e4nger war noch nie einfach, da der Markt zu viele Optionen bietet<\/p>\n\t\t<\/div>\n\t\t\t\t\t<div class=\"elementor-post__read-more-wrapper\">\n\t\t\n\t\t<a class=\"elementor-post__read-more\" href=\"https:\/\/pdt.edu.vn\/de\/app-hoc-tu-vung-tieng-duc-tot-nhat-cho-nguoi-moi-bat\/\" aria-label=\"read-more-about-beste-deutsch-vokabel-app-f\u00fcr-anf\u00e4nger\" tabindex=\"-1\">\n\t\t\tDetails ansehen \u2192\t\t<\/a>\n\n\t\t\t\t\t<\/div>\n\t\t\t\t<\/div>\n\t\t\t\t<\/article>\n\t\t\t\t<\/div>\n\t\t\t\t\t<span class=\"e-load-more-spinner\">\n\t\t\t\t<i aria-hidden=\"true\" class=\"fas fa-spinner\"><\/i>\t\t\t<\/span>\n\t\t\n\t\t\t\t<div class=\"e-load-more-anchor\" data-page=\"1\" data-max-page=\"25\" data-next-page=\"https:\/\/pdt.edu.vn\/de\/wp-json\/wp\/v2\/pages\/243\/page\/2\/\"><\/div>\n\t\t\t\t<div class=\"elementor-button-wrapper\">\n\t\t\t<a class=\"elementor-button elementor-size-sm\" role=\"button\">\n\t\t\t\t\t\t<span class=\"elementor-button-content-wrapper\">\n\t\t\t\t\t\t\t\t\t<span class=\"elementor-button-text\">Mehr anzeigen<\/span>\n\t\t\t\t\t<\/span>\n\t\t\t\t\t<\/a>\n\t\t<\/div>\n\t\t\t\t<div class=\"e-load-more-message\"><\/div>\n\t\t\t\t\t\t<\/div>\n\t\t\t\t<\/div>\n\t\t\t\t<div class=\"elementor-element elementor-element-568d35c elementor-widget elementor-widget-spacer\" data-id=\"568d35c\" data-element_type=\"widget\" data-widget_type=\"spacer.default\">\n\t\t\t\t\t\t\t<div class=\"elementor-spacer\">\n\t\t\t<div class=\"elementor-spacer-inner\"><\/div>\n\t\t<\/div>\n\t\t\t\t\t\t<\/div>\n\t\t\t\t\t<\/div>\r\n\t\t\t\t<\/div>\r\n\t\t\t\t<\/div>","protected":false},"excerpt":{"rendered":"<p>NEUESTE NACHRICHTEN<\/p>","protected":false},"author":1,"featured_media":0,"parent":0,"menu_order":0,"comment_status":"closed","ping_status":"closed","template":"","meta":{"footnotes":""},"class_list":["post-243","page","type-page","status-publish","hentry"],"rankmath_keywords":{"primary":"","secondary":[""]},"yoast_keywords":{"primary":"","secondary":[]},"yoast_focuskw":"","rankmath_focuskw":"","seo_keywords":{"primary":"","secondary":[""]},"_links":{"self":[{"href":"https:\/\/pdt.edu.vn\/de\/wp-json\/wp\/v2\/pages\/243","targetHints":{"allow":["GET"]}}],"collection":[{"href":"https:\/\/pdt.edu.vn\/de\/wp-json\/wp\/v2\/pages"}],"about":[{"href":"https:\/\/pdt.edu.vn\/de\/wp-json\/wp\/v2\/types\/page"}],"author":[{"embeddable":true,"href":"https:\/\/pdt.edu.vn\/de\/wp-json\/wp\/v2\/users\/1"}],"replies":[{"embeddable":true,"href":"https:\/\/pdt.edu.vn\/de\/wp-json\/wp\/v2\/comments?post=243"}],"version-history":[{"count":65,"href":"https:\/\/pdt.edu.vn\/de\/wp-json\/wp\/v2\/pages\/243\/revisions"}],"predecessor-version":[{"id":8696,"href":"https:\/\/pdt.edu.vn\/de\/wp-json\/wp\/v2\/pages\/243\/revisions\/8696"}],"wp:attachment":[{"href":"https:\/\/pdt.edu.vn\/de\/wp-json\/wp\/v2\/media?parent=243"}],"curies":[{"name":"wp","href":"https:\/\/api.w.org\/{rel}","templated":true}]}}